{"id":855,"date":"2021-01-24T17:45:32","date_gmt":"2021-01-24T16:45:32","guid":{"rendered":"http:\/\/www.leonardobua.it\/?page_id=855"},"modified":"2021-01-24T17:58:44","modified_gmt":"2021-01-24T16:58:44","slug":"chi-sono","status":"publish","type":"page","link":"http:\/\/www.leonardobua.it\/index.php\/colibri-wp\/chi-sono\/","title":{"rendered":"Chi sono"},"content":{"rendered":"<div data-colibri-id=\"855-c1\" class=\"style-484 style-local-855-c1 position-relative\">\n  <!---->\n  <div data-colibri-component=\"section\" data-colibri-id=\"855-c2\" id=\"about\" class=\"h-section h-section-global-spacing d-flex align-items-lg-center align-items-md-center align-items-center style-485 style-local-855-c2 position-relative\">\n    <!---->\n    <!---->\n    <div class=\"h-section-grid-container h-section-boxed-container\">\n      <!---->\n      <div data-colibri-id=\"855-c3\" class=\"h-row-container gutters-row-lg-0 gutters-row-md-0 gutters-row-0 gutters-row-v-lg-0 gutters-row-v-md-0 gutters-row-v-0 style-486 style-local-855-c3 position-relative\">\n        <!---->\n        <div class=\"h-row justify-content-lg-center justify-content-md-center justify-content-center align-items-lg-stretch align-items-md-stretch align-items-stretch gutters-col-lg-0 gutters-col-md-0 gutters-col-0 gutters-col-v-lg-0 gutters-col-v-md-0 gutters-col-v-0\">\n          <!---->\n          <div class=\"h-column h-column-container d-flex h-col-lg-auto h-col-md-auto h-col-auto style-487-outer style-local-855-c4-outer\">\n            <div data-colibri-id=\"855-c4\" class=\"d-flex h-flex-basis h-column__inner h-px-lg-0 h-px-md-0 h-px-0 v-inner-lg-0 v-inner-md-0 v-inner-0 style-487 style-local-855-c4 position-relative\">\n              <!---->\n              <!---->\n              <div class=\"w-100 h-y-container h-column__content h-column__v-align flex-basis-100 align-self-lg-start align-self-md-start align-self-start\">\n                <!---->\n                <div data-colibri-id=\"855-c5\" class=\"h-global-transition-all h-heading style-488 style-local-855-c5 position-relative h-element\">\n                  <!---->\n                  <div class=\"h-heading__outer style-488 style-local-855-c5\">\n                    <!---->\n                    <!---->\n                    <h5 class=\"\">Leonardo Bua<\/h5>\n                  <\/div>\n                <\/div>\n                <div data-colibri-id=\"855-c6\" class=\"h-global-transition-all h-heading style-489 style-local-855-c6 position-relative h-element\">\n                  <!---->\n                  <div class=\"h-heading__outer style-489 style-local-855-c6\">\n                    <!---->\n                    <!---->\n                    <h2 class=\"\">Progettista per passione<\/h2>\n                  <\/div>\n                <\/div>\n                <div data-colibri-id=\"855-c7\" class=\"h-text h-text-component style-490 style-local-855-c7 position-relative h-element\">\n                  <!---->\n                  <!---->\n                  <div class=\"\">\n                    <p><span style=\"font-family: &quot;Century Gothic&quot;, sans-serif; font-weight: 400; font-size: 16px; color: rgb(60, 61, 61);\">Progettista per passione. Ho una laurea in Architettura conseguita presso l\u2019Universit\u00e0 degli Studi di Firenze. Vivo e lavoro a Firenze nella mia bottega di architettura e design dove mi occupo di progetti di&nbsp;<\/span>\n                      <strong\n                        style=\"font-family: &quot;Century Gothic&quot;, sans-serif; font-size: 16px; color: rgb(60, 61, 61);\">interior design<\/strong><span style=\"font-family: &quot;Century Gothic&quot;, sans-serif; font-size: 16px; color: rgb(60, 61, 61); font-weight: 400;\">, di&nbsp;<\/span><strong style=\"font-family: &quot;Century Gothic&quot;, sans-serif; font-size: 16px; color: rgb(60, 61, 61);\">industrial design<\/strong>\n                        <span\n                          style=\"font-family: &quot;Century Gothic&quot;, sans-serif; font-size: 16px; color: rgb(60, 61, 61); font-weight: 400;\">&nbsp;e di&nbsp;<\/span><strong style=\"font-family: &quot;Century Gothic&quot;, sans-serif; font-size: 16px; color: rgb(60, 61, 61);\">allestimenti<\/strong><span style=\"font-family: &quot;Century Gothic&quot;, sans-serif; font-size: 16px; color: rgb(60, 61, 61); font-weight: 400;\">.<\/span><\/p>\n                  <\/div>\n                <\/div>\n              <\/div>\n            <\/div>\n          <\/div>\n          <div class=\"h-column h-column-container d-flex h-col-lg-auto h-col-md-auto h-col-auto style-491-outer style-local-855-c8-outer\">\n            <div data-colibri-id=\"855-c8\" class=\"d-flex h-flex-basis h-column__inner h-ui-empty-state-container h-px-lg-2 h-px-md-2 h-px-2 v-inner-lg-2 v-inner-md-2 v-inner-2 style-491 style-local-855-c8 position-relative\">\n              <!---->\n              <!---->\n              <div class=\"w-100 h-y-container h-column__content h-column__v-align flex-basis-100\">\n                <!---->\n              <\/div>\n            <\/div>\n          <\/div>\n        <\/div>\n      <\/div>\n      <div data-colibri-id=\"855-c9\" class=\"h-row-container gutters-row-lg-2 gutters-row-md-2 gutters-row-0 gutters-row-v-lg-2 gutters-row-v-md-2 gutters-row-v-2 style-492 style-local-855-c9 position-relative\">\n        <!---->\n        <div class=\"h-row justify-content-lg-center justify-content-md-center justify-content-center align-items-lg-stretch align-items-md-stretch align-items-stretch gutters-col-lg-2 gutters-col-md-2 gutters-col-0 gutters-col-v-lg-2 gutters-col-v-md-2 gutters-col-v-2\">\n          <!---->\n          <div class=\"h-column h-column-container d-flex h-col-lg-auto h-col-md-auto h-col-auto style-493-outer style-local-855-c10-outer\">\n            <div data-colibri-id=\"855-c10\" class=\"d-flex h-flex-basis h-column__inner h-px-lg-2 h-px-md-2 h-px-2 v-inner-lg-2 v-inner-md-2 v-inner-2 style-493 style-local-855-c10 position-relative\">\n              <!---->\n              <!---->\n              <div class=\"w-100 h-y-container h-column__content h-column__v-align flex-basis-100 align-self-lg-start align-self-md-start align-self-start\">\n                <!---->\n                <div data-colibri-id=\"855-c11\" class=\"h-text h-text-component style-494 style-local-855-c11 position-relative h-element\">\n                  <!---->\n                  <!---->\n                  <div class=\"\">\n                    <p><span style=\"font-family: &quot;Century Gothic&quot;, sans-serif;\">Ho insegnato come professore a contratto presso il Dipartimento di Design DIDA dell&#8217;Universit\u00e0 di Firenze e al Master di Interior Design presso la stessa Universit\u00e0. Didattica presso la Star Florence Design School -Studium Architecturae. Attualmente sono docente presso l&#8217;Universit\u00e0 LABA di Firenze. Ho svolto conferenze in Brasile presso l&#8217;Universitade de Caxia do Sul, RS,&nbsp;e al consolato italiano di Porto Alegre.<\/span><\/p>\n                    <p><span style=\"font-family: &quot;Century Gothic&quot;, sans-serif;\">Collaboro da anni con aziende di complementi di arredo, illuminazione e arredo bagno in Italia, Brasile e Cina. Il mio approccio al progetto tende a mescolare con distinzione il comfort funzionale con l&#8217;eleganza. Per i miei lavori di architettura e prodotto di design negli anni ho avuto il piacere di ricevere numerosi premi e riconoscimenti internazionali.&nbsp;<\/span><\/p>\n                    <p><em style=\"font-family: &quot;Century Gothic&quot;, sans-serif;\">Il mio tentativo \u00e8 quello di trovare percorsi creativi generosi ed onesti, tendendo a far convivere l&#8217;individuo con la comunit\u00e0, il piacere dell&#8217;uso con la responsabilit\u00e0 ambientale.<\/em><\/p>\n                  <\/div>\n                <\/div>\n              <\/div>\n            <\/div>\n          <\/div>\n        <\/div>\n      <\/div>\n      <div data-colibri-id=\"855-c12\" class=\"h-row-container gutters-row-lg-2 gutters-row-md-2 gutters-row-0 gutters-row-v-lg-2 gutters-row-v-md-2 gutters-row-v-2 style-495 style-local-855-c12 position-relative\">\n        <!---->\n        <div class=\"h-row justify-content-lg-center justify-content-md-center justify-content-center align-items-lg-stretch align-items-md-stretch align-items-stretch gutters-col-lg-2 gutters-col-md-2 gutters-col-0 gutters-col-v-lg-2 gutters-col-v-md-2 gutters-col-v-2\">\n          <!---->\n          <div class=\"h-column h-column-container d-flex h-col-lg-auto h-col-md-auto h-col-auto style-496-outer style-local-855-c13-outer\">\n            <div data-colibri-id=\"855-c13\" class=\"d-flex h-flex-basis h-column__inner h-px-lg-2 h-px-md-2 h-px-2 v-inner-lg-2 v-inner-md-2 v-inner-2 style-496 style-local-855-c13 position-relative\">\n              <!---->\n              <!---->\n              <div class=\"w-100 h-y-container h-column__content h-column__v-align flex-basis-100 align-self-lg-start align-self-md-start align-self-start\">\n                <!---->\n                <div data-colibri-id=\"855-c14\" class=\"h-global-transition-all h-heading style-497 style-local-855-c14 position-relative h-element\">\n                  <!---->\n                  <div class=\"h-heading__outer style-497 style-local-855-c14\">\n                    <!---->\n                    <!---->\n                    <h4 class=\"\">PREMI E RICONOSCIMENTI INTERNAZIONALI<\/h4>\n                  <\/div>\n                <\/div>\n                <div data-colibri-id=\"855-c15\" class=\"h-text h-text-component style-498 style-local-855-c15 position-relative h-element\">\n                  <!---->\n                  <!---->\n                  <div class=\"\">\n                    <p><strong style=\"font-family: &quot;Century Gothic&quot;, sans-serif;\">2020<\/strong><\/p>\n                    <p><span style=\"font-family: &quot;Century Gothic&quot;, sans-serif;\">The 2nd ANJI CUP. INTERNATIONAL BAMBOO PRODUCT DESIGN COMPETITION, China.&nbsp;<\/span><strong style=\"font-family: &quot;Century Gothic&quot;, sans-serif;\">Award of Excellent Design<\/strong><\/p>\n                    <p><span style=\"font-family: &quot;Century Gothic&quot;, sans-serif;\">The 2nd JARDER CUP. Outdoor Furniture Design Competition. Ningbo Co.&nbsp;Ltd. China.&nbsp;<\/span><strong style=\"font-family: &quot;Century Gothic&quot;, sans-serif;\">Excellence Award<\/strong><\/p>\n                    <p><span style=\"font-family: &quot;Century Gothic&quot;, sans-serif;\">SOLAR OUTDOOR LIGHT COLLECTION CONTEST. Shenzhen Lead Opto \u2013 Technology, DESALL, Italia.&nbsp;<\/span><strong style=\"font-family: &quot;Century Gothic&quot;, sans-serif;\">Special Mention<\/strong><\/p>\n                    <p><strong style=\"font-family: &quot;Century Gothic&quot;, sans-serif;\">2019<\/strong><\/p>\n                    <p><span style=\"font-family: &quot;Century Gothic&quot;, sans-serif;\">The 1st&nbsp;JARDER CUP. Outdoor Furniture Design Competition. Ningbo Co. Ltd. China.&nbsp;<\/span><strong style=\"font-family: &quot;Century Gothic&quot;, sans-serif;\">Excellence Award<\/strong><\/p>\n                    <p><span style=\"font-family: &quot;Century Gothic&quot;, sans-serif;\">The SAOORS LITTLE MASTER&#8217;S CUP. Master Baby Products Co. Ltd. Leshan, China.&nbsp;<\/span><strong style=\"font-family: &quot;Century Gothic&quot;, sans-serif;\">Excellence Award<\/strong><\/p>\n                    <p><strong style=\"font-family: &quot;Century Gothic&quot;, sans-serif;\">2018<\/strong><\/p>\n                    <p><span style=\"font-family: &quot;Century Gothic&quot;, sans-serif;\">TAI CHI MASTER INTERNATIONAL INDUSTRIAL DESIGN COMPETITION, Shaowu China.&nbsp;<\/span><strong style=\"font-family: &quot;Century Gothic&quot;, sans-serif;\">Best Futuristic Design Award<\/strong><\/p>\n                    <p><strong style=\"font-family: &quot;Century Gothic&quot;, sans-serif;\">2014<\/strong><\/p>\n                    <p><span style=\"font-family: &quot;Century Gothic&quot;, sans-serif;\">Concorso di Idee per la riqualificazione dei giardini pubblici, Vieste (FG), Italia.&nbsp;<\/span><strong style=\"font-family: &quot;Century Gothic&quot;, sans-serif;\">I\u00b0 Classificato<\/strong><\/p>\n                    <p><strong style=\"font-family: &quot;Century Gothic&quot;, sans-serif;\">2009<\/strong><\/p>\n                    <p><span style=\"font-family: &quot;Century Gothic&quot;, sans-serif;\">Concorso per il Completamento del Monumento ai Mille. Marsala (TP), Italia.&nbsp;<\/span><strong style=\"font-family: &quot;Century Gothic&quot;, sans-serif;\">II\u00b0 Classificato<\/strong><\/p>\n                    <p><strong style=\"font-family: &quot;Century Gothic&quot;, sans-serif;\">2007<\/strong><\/p>\n                    <p><span style=\"font-family: &quot;Century Gothic&quot;, sans-serif;\">Concorso LEGNO E PROGETTO. Calligaris, Manzano(UD), Italia.&nbsp;<\/span><strong style=\"font-family: &quot;Century Gothic&quot;, sans-serif;\">I\u00b0 Classificato<\/strong><\/p>\n                    <p>\n                      <br>\n                    <\/p>\n                  <\/div>\n                <\/div>\n                <div data-colibri-id=\"855-c16\" class=\"h-global-transition-all h-heading style-499 style-local-855-c16 position-relative h-element\">\n                  <!---->\n                  <div class=\"h-heading__outer style-499 style-local-855-c16\">\n                    <!---->\n                    <!---->\n                    <h4 class=\"\">TEACHING AND LECTURES<\/h4>\n                  <\/div>\n                <\/div>\n                <div data-colibri-id=\"855-c17\" class=\"h-text h-text-component style-500 style-local-855-c17 position-relative h-element\">\n                  <!---->\n                  <!---->\n                  <div class=\"\">\n                    <p><strong style=\"font-family: &quot;Century Gothic&quot;, sans-serif;\">2011-2021&nbsp;&nbsp;<\/strong><span style=\"font-family: &quot;Century Gothic&quot;, sans-serif;\">LABA, Libera Accademia di Belle Arti, Firenze<\/span><\/p>\n                    <p><strong style=\"font-family: &quot;Century Gothic&quot;, sans-serif;\">2019-2021&nbsp;&nbsp;<\/strong><span style=\"font-family: &quot;Century Gothic&quot;, sans-serif;\">Star Florence Design School &#8211; Studium Architecturae, Firenze<\/span><\/p>\n                    <p><strong style=\"font-family: &quot;Century Gothic&quot;, sans-serif;\">2013-2016&nbsp;&nbsp;<\/strong><span style=\"font-family: &quot;Century Gothic&quot;, sans-serif;\">Master Interior Design, Facolt\u00e0 di Architettura, DIDA, Firenze<\/span><\/p>\n                    <p><strong style=\"font-family: &quot;Century Gothic&quot;, sans-serif;\">2008&nbsp;<\/strong><span style=\"font-family: &quot;Century Gothic&quot;, sans-serif;\">Cultore della Materia, Facolt\u00e0 di Architettura -Disegno Industriale, Firenze<\/span><\/p>\n                    <p><strong style=\"font-family: &quot;Century Gothic&quot;, sans-serif;\">2005-2007&nbsp;<\/strong><span style=\"font-family: &quot;Century Gothic&quot;, sans-serif;\">Facolt\u00e0 di Architettura &#8211; Product Design, Firenze<\/span><\/p>\n                    <p><strong style=\"font-family: &quot;Century Gothic&quot;, sans-serif;\">2004&nbsp;<\/strong><span style=\"font-family: &quot;Century Gothic&quot;, sans-serif;\">Consolato Italiano, Porto Alegre, Brasile<\/span><\/p>\n                    <p><strong style=\"font-family: &quot;Century Gothic&quot;, sans-serif;\">2003&nbsp;&nbsp;<\/strong><span style=\"font-family: &quot;Century Gothic&quot;, sans-serif;\">Universitade de Caxia do Sul, RS, Brasile<\/span><\/p>\n                    <p>\n                      <br>\n                    <\/p>\n                  <\/div>\n                <\/div>\n              <\/div>\n            <\/div>\n          <\/div>\n        <\/div>\n      <\/div>\n    <\/div>\n  <\/div>\n<\/div>","protected":false},"excerpt":{"rendered":"<p>Leonardo Bua Progettista per passione Progettista per passione. Ho una laurea in Architettura conseguita presso l\u2019Universit\u00e0 degli Studi di Firenze. Vivo e lavoro a Firenze nella mia bottega di architettura e design dove mi occupo di progetti di&nbsp; interior design, di&nbsp;industrial design &nbsp;e di&nbsp;allestimenti. Ho insegnato come professore a contratto presso il Dipartimento di Design [&hellip;]<\/p>\n","protected":false},"author":1,"featured_media":0,"parent":7,"menu_order":0,"comment_status":"closed","ping_status":"closed","template":"page-templates\/full-width-page.php","meta":[],"_links":{"self":[{"href":"http:\/\/www.leonardobua.it\/index.php\/wp-json\/wp\/v2\/pages\/855"}],"collection":[{"href":"http:\/\/www.leonardobua.it\/index.php\/wp-json\/wp\/v2\/pages"}],"about":[{"href":"http:\/\/www.leonardobua.it\/index.php\/wp-json\/wp\/v2\/types\/page"}],"author":[{"embeddable":true,"href":"http:\/\/www.leonardobua.it\/index.php\/wp-json\/wp\/v2\/users\/1"}],"replies":[{"embeddable":true,"href":"http:\/\/www.leonardobua.it\/index.php\/wp-json\/wp\/v2\/comments?post=855"}],"version-history":[{"count":3,"href":"http:\/\/www.leonardobua.it\/index.php\/wp-json\/wp\/v2\/pages\/855\/revisions"}],"predecessor-version":[{"id":869,"href":"http:\/\/www.leonardobua.it\/index.php\/wp-json\/wp\/v2\/pages\/855\/revisions\/869"}],"up":[{"embeddable":true,"href":"http:\/\/www.leonardobua.it\/index.php\/wp-json\/wp\/v2\/pages\/7"}],"wp:attachment":[{"href":"http:\/\/www.leonardobua.it\/index.php\/wp-json\/wp\/v2\/media?parent=855"}],"curies":[{"name":"wp","href":"https:\/\/api.w.org\/{rel}","templated":true}]}}